{"id":115,"date":"2022-12-30T16:09:23","date_gmt":"2022-12-30T16:09:23","guid":{"rendered":"https:\/\/brand.erasmus.site\/?page_id=115"},"modified":"2024-10-01T18:37:31","modified_gmt":"2024-10-01T18:37:31","slug":"partnership","status":"publish","type":"page","link":"https:\/\/brand.erasmus.site\/de\/partnership\/","title":{"rendered":"Projektpartner"},"content":{"rendered":"<p><\/p>\n<h2 style=\"text-align: center;\">S\u00fcdwind &#8211; \u00d6sterreich &#8211; Projektkoordinator<\/h2>\n<p><img fetchpriority=\"high\" decoding=\"async\" class=\"size-full wp-image-79 aligncenter\" src=\"https:\/\/brand.erasmus.site\/wp-content\/uploads\/2022\/12\/sudwind.png\" alt=\"\" width=\"300\" height=\"300\" srcset=\"https:\/\/brand.erasmus.site\/wp-content\/uploads\/2022\/12\/sudwind.png 300w, https:\/\/brand.erasmus.site\/wp-content\/uploads\/2022\/12\/sudwind-150x150.png 150w, https:\/\/brand.erasmus.site\/wp-content\/uploads\/2022\/12\/sudwind-24x24.png 24w, https:\/\/brand.erasmus.site\/wp-content\/uploads\/2022\/12\/sudwind-36x36.png 36w, https:\/\/brand.erasmus.site\/wp-content\/uploads\/2022\/12\/sudwind-48x48.png 48w\" sizes=\"(max-width: 300px) 100vw, 300px\" \/><\/p>\n<p>S\u00fcdwind ist eine \u00f6sterreichische entwicklungspolitische NGO und setzt sich seit 1979 f\u00fcr eine nachhaltige globale Entwicklung, Menschenrechte und faire Arbeitsbedingungen im globalen S\u00fcden ein. Die Hauptarbeit von S\u00fcdwind besteht aus schulischer und au\u00dferschulischer Bildungsarbeit, Kampagnen und Informationsarbeit.<\/p>\n<p>S\u00fcdwind informiert in \u00d6sterreich \u00fcber internationale entwicklungspolitische Themen und hinterfragt kritisch Politiken, die Ungleichheit aufrechterhalten oder verst\u00e4rken, sozial Schwache ausgrenzen und grundlegende Menschenrechte verletzen. S\u00fcdwind setzt sich daf\u00fcr ein, die \u00d6ffentlichkeit \u00fcber Themen zu informieren, die eher vernachl\u00e4ssigt oder verdr\u00e4ngt werden.<\/p>\n<p>S\u00fcdwind hinterfragt politische Praktiken, die im Widerspruch zu den Sustainable Development Goals (SDGs) der Vereinten Nationen stehen.<\/p>\n<p>Im Dialog mit Partnern aus der Zivilgesellschaft und Entwicklungsl\u00e4ndern entwickelt S\u00fcdwind L\u00f6sungen, Handlungsalternativen und Visionen f\u00fcr globale Gerechtigkeit.<\/p>\n<p>Schwerpunktthemen sind: gerechtere Globalisierung, SDGs und Global Citizenship Education, fairer Handel, faire Arbeitsbedingungen, ein gerechteres Wirtschaftssystem, Klimagerechtigkeit sowie Migration.<\/p>\n<p>Web: <a href=\"http:\/\/www.suedwind.at\">www.suedwind.at<\/a><\/p>\n<hr \/>\n<h2 style=\"text-align: center;\"><strong>Kainotomia \u2013 Griechenland<\/strong><\/h2>\n<p><img decoding=\"async\" class=\"wp-image-80 size-full aligncenter\" src=\"https:\/\/brand.erasmus.site\/wp-content\/uploads\/2022\/12\/kainotomia.png\" alt=\"\" width=\"300\" height=\"300\" srcset=\"https:\/\/brand.erasmus.site\/wp-content\/uploads\/2022\/12\/kainotomia.png 300w, https:\/\/brand.erasmus.site\/wp-content\/uploads\/2022\/12\/kainotomia-150x150.png 150w, https:\/\/brand.erasmus.site\/wp-content\/uploads\/2022\/12\/kainotomia-24x24.png 24w, https:\/\/brand.erasmus.site\/wp-content\/uploads\/2022\/12\/kainotomia-36x36.png 36w, https:\/\/brand.erasmus.site\/wp-content\/uploads\/2022\/12\/kainotomia-48x48.png 48w\" sizes=\"(max-width: 300px) 100vw, 300px\" \/><\/p>\n<p>KAINOTOMIA ist eine nach griechischem Recht zertifizierte Berufsbildungseinrichtung, die 2013 von einer Gruppe von Menschen mit Fachwissen und lebenslangem Engagement f\u00fcr das Thema Lernen gegr\u00fcndet wurde. Die modernen Einrichtungen der Organisation sind behindertengerecht gestaltet, und es gibt 3 Schulungsr\u00e4ume mit einer Gesamtkapazit\u00e4t von 90 Teilnehmern.<\/p>\n<p>Die Hauptzielgruppen sind Erwerbst\u00e4tige\/Arbeitslose, Unternehmer, Erzieher und Ausbilder, Hochschulstudenten und Jugendliche, auch aus sozial schwachen Gruppen, zur Entwicklung beruflicher und unternehmerischer M\u00f6glichkeiten und zu ihrer Integration in den Arbeitsmarkt und die Gesellschaft. Wir bieten Berufsberatung und -orientierung in Zusammenarbeit mit regionalen Stakeholder-Netzwerken und je nach individuellem Bedarf. Das Ziel von KAINOTOMIA ist die Unterst\u00fctzung von Auszubildenden bei der Einf\u00fchrung neuer Lern- und Lehrmethoden, insbesondere bei der Vermittlung von Schl\u00fcsselkompetenzen und Grundfertigkeiten, Sprachkenntnissen und der Nutzung von IKT, aber auch die Verbesserung der Qualit\u00e4t der Ausbildung bei der Professionalisierung von Ausbildern. Schlie\u00dflich werden den Auszubildenden neue Formen flexibler Lernmethoden, virtuelle Mobilit\u00e4t, offene Bildungsressourcen und eine bessere Nutzung des IKT-Potenzials geboten. Im Jahr 2021 wurde KAINOTOMIA als einziger Jugend-Eurodesk-Multiplikator in Thessalien, Griechenland, ausgew\u00e4hlt, was der Organisation die M\u00f6glichkeit gibt, ihren Einfluss in Europa noch weiter auszubauen.<\/p>\n<p>Web: <a href=\"https:\/\/kainotomia.com.gr\/\">https:\/\/kainotomia.com.gr\/<\/a><\/p>\n<hr \/>\n<h2 style=\"text-align: center;\"><strong>Crossing Borders (CB) \u2013 D\u00e4nemark<\/strong><\/h2>\n<p><img decoding=\"async\" class=\"wp-image-81 size-full aligncenter\" src=\"https:\/\/brand.erasmus.site\/wp-content\/uploads\/2022\/12\/crossingborders.png\" alt=\"\" width=\"300\" height=\"300\" srcset=\"https:\/\/brand.erasmus.site\/wp-content\/uploads\/2022\/12\/crossingborders.png 300w, https:\/\/brand.erasmus.site\/wp-content\/uploads\/2022\/12\/crossingborders-150x150.png 150w, https:\/\/brand.erasmus.site\/wp-content\/uploads\/2022\/12\/crossingborders-24x24.png 24w, https:\/\/brand.erasmus.site\/wp-content\/uploads\/2022\/12\/crossingborders-36x36.png 36w, https:\/\/brand.erasmus.site\/wp-content\/uploads\/2022\/12\/crossingborders-48x48.png 48w\" sizes=\"(max-width: 300px) 100vw, 300px\" \/><\/p>\n<p>Crossing Borders (CB) ist eine 1999 gegr\u00fcndete gemeinn\u00fctzige Organisation, deren Vision eine Welt in Frieden mit sich selbst ist, in der die Vielfalt gefeiert wird. Der Auftrag der Organisation besteht darin, R\u00e4ume f\u00fcr den Dialog zu schaffen, damit Menschen mit unterschiedlichem Hintergrund lernen k\u00f6nnen, gleichberechtigt zusammenzuleben. Da wir junge Menschen als Akteure des Wandels betrachten, bieten wir Plattformen f\u00fcr junge Menschen und Jugendbetreuer, um Ideen auszutauschen und globale Vereinigungen, Netzwerke und Gemeinschaften weltweit zu bilden. Wir erm\u00f6glichen es Jugendlichen, ihre Ideen in einem Lernumfeld auszutauschen, in dem alle Teilnehmer ermutigt werden, zu wachsen und voneinander zu lernen.<\/p>\n<p>Die Arbeit von CB ist in vier Programme unterteilt, die sich auf den Aufbau von Gemeinschaften, die St\u00e4rkung der Handlungskompetenz und kollektive Aktionen konzentrieren, um globale Probleme anzugehen und einen Beitrag zu den Zielen f\u00fcr nachhaltige Entwicklung zu leisten: Schulworkshops, internationale Projekte, Freiwilligenprogramm, \u201eFood for Thought\u201c-Erz\u00e4hlveranstaltungen. CB arbeitet mit Partnern zusammen, die sich f\u00fcr dieselben Ziele einsetzen, darunter Gemeinden, Gymnasien, Universit\u00e4ten, internationale Organisationen der Zivilgesellschaft, \u00f6ffentliche Einrichtungen und internationale Geber.<\/p>\n<p>Web: <a href=\"https:\/\/crossingborders.dk\/\">https:\/\/crossingborders.dk\/<\/a><\/p>\n<hr \/>\n<h2 style=\"text-align: center;\"><strong>Centre For Education and Entrepreneurship Support (CWEP) \u2013 Polen<\/strong><\/h2>\n<p><img loading=\"lazy\" decoding=\"async\" class=\"wp-image-82 size-full aligncenter\" src=\"https:\/\/brand.erasmus.site\/wp-content\/uploads\/2022\/12\/cwep.png\" alt=\"\" width=\"300\" height=\"300\" srcset=\"https:\/\/brand.erasmus.site\/wp-content\/uploads\/2022\/12\/cwep.png 300w, https:\/\/brand.erasmus.site\/wp-content\/uploads\/2022\/12\/cwep-150x150.png 150w, https:\/\/brand.erasmus.site\/wp-content\/uploads\/2022\/12\/cwep-24x24.png 24w, https:\/\/brand.erasmus.site\/wp-content\/uploads\/2022\/12\/cwep-36x36.png 36w, https:\/\/brand.erasmus.site\/wp-content\/uploads\/2022\/12\/cwep-48x48.png 48w\" sizes=\"(max-width: 300px) 100vw, 300px\" \/><\/p>\n<p>Das Centre For Education and Entrepreneurship Support (CWEP) ist eine Nichtregierungsorganisation, die 2004 von einer Gruppe von Unternehmern, Lehrern und sozialen Aktivisten aus Rzesz\u00f3w, Polen, gegr\u00fcndet wurde. CWEP arbeitet mit Unternehmen und Bildungseinrichtungen zusammen. Die Aufgabe von CWEP besteht darin, die Qualit\u00e4t der Ausbildung auf allen Ebenen und in allen Formen zu verbessern sowie das Unternehmertum zu f\u00f6rdern, um die Integration aller sozialen Gruppen, unabh\u00e4ngig von Geschlecht, Alter oder ethnischer Herkunft, zu unterst\u00fctzen. Ziele sind insbesondere die Verbesserung der Zug\u00e4nglichkeit, Qualit\u00e4t und Effizienz der Bildung f\u00fcr alle Menschen, die F\u00f6rderung und Unterst\u00fctzung der Erwachsenenbildung, des lebenslangen Lernens, des E-Learnings und der Nutzung neuer Technologien in Bildung und Unternehmertum. Der Verband arbeitet mit vielen Partnern aus Europa zusammen, um die wirtschaftliche Position von Unternehmen zu st\u00e4rken und bietet Online-Plattformen f\u00fcr Unternehmen an.<\/p>\n<p>Web: <a href=\"https:\/\/cwep.eu\/\">https:\/\/cwep.eu\/<\/a><\/p>\n<hr \/>\n<h2 style=\"text-align: center;\"><strong>Danube 1245 \u2013 Serbien<\/strong><\/h2>\n<p><img loading=\"lazy\" decoding=\"async\" class=\"wp-image-86 size-full aligncenter\" src=\"https:\/\/brand.erasmus.site\/wp-content\/uploads\/2022\/12\/danuble.png\" alt=\"\" width=\"300\" height=\"300\" srcset=\"https:\/\/brand.erasmus.site\/wp-content\/uploads\/2022\/12\/danuble.png 300w, https:\/\/brand.erasmus.site\/wp-content\/uploads\/2022\/12\/danuble-150x150.png 150w, https:\/\/brand.erasmus.site\/wp-content\/uploads\/2022\/12\/danuble-24x24.png 24w, https:\/\/brand.erasmus.site\/wp-content\/uploads\/2022\/12\/danuble-36x36.png 36w, https:\/\/brand.erasmus.site\/wp-content\/uploads\/2022\/12\/danuble-48x48.png 48w\" sizes=\"(max-width: 300px) 100vw, 300px\" \/><\/p>\n<p>Der Verein \u201eDanube 1245\u201c ist eine gemeinn\u00fctzige, nichtstaatliche zivilgesellschaftliche Organisation, die im Jahr 2015 gegr\u00fcndet wurde.<\/p>\n<p>Der Verein ist ein aktiver lokaler Akteur bei der Unterst\u00fctzung von B\u00fcrgerinitiativen im Zusammenhang mit der nachhaltigen Entwicklung der lokalen Gemeinschaft und ein zuverl\u00e4ssiger Partner bei der Formulierung und Umsetzung von regionalen Entwicklungsinitiativen. Die grundlegenden Instrumente, die bei der Erf\u00fcllung dieser Aufgabe zum Einsatz kommen, sind die Instrumente der B\u00fcrgerbeteiligung, die regionale Zusammenarbeit und der projektbasierte Ansatz.<\/p>\n<p>Der Verein ist ein lokaler Akteur, der an der Entwicklung der Demokratie und der partizipatorischen Entscheidungsfindung auf lokaler Ebene beteiligt ist und sich den lokalen Herausforderungen stellt, indem er die aktive Rolle der B\u00fcrgerinnen und B\u00fcrger im Leben der Gemeinde f\u00f6rdert und unterst\u00fctzt. Die Vereinigung baut Partnerschaften und Netzwerke mit anderen lokalen Akteuren und der Gemeindeverwaltung auf.<\/p>\n<p>Die Aktivit\u00e4ten der Vereinigung konzentrieren sich auf:<\/p>\n<p>&#8211; regionale Zusammenarbeit und gemeinsame Aktivit\u00e4ten zur regionalen und lokalen nachhaltigen Entwicklung;<\/p>\n<p>&#8211; Schutz und Aufwertung des lokalen Natur- und Kulturerbes, Entwicklung von Wissen in der lokalen Gemeinschaft auf der Grundlage von nicht-formaler Bildung und Ausbildung der B\u00fcrger.<\/p>\n<p>Web: <a href=\"https:\/\/www.dunav1245.org\/\">https:\/\/www.dunav1245.org\/<\/a><\/p>\n<hr \/>\n<h2 style=\"text-align: center;\"><strong>MECB Ltd. \u2013 Malta<\/strong><\/h2>\n<p><img loading=\"lazy\" decoding=\"async\" class=\"aligncenter wp-image-87 size-full\" src=\"https:\/\/brand.erasmus.site\/wp-content\/uploads\/2022\/12\/mecb.png\" alt=\"\" width=\"300\" height=\"300\" srcset=\"https:\/\/brand.erasmus.site\/wp-content\/uploads\/2022\/12\/mecb.png 300w, https:\/\/brand.erasmus.site\/wp-content\/uploads\/2022\/12\/mecb-150x150.png 150w, https:\/\/brand.erasmus.site\/wp-content\/uploads\/2022\/12\/mecb-24x24.png 24w, https:\/\/brand.erasmus.site\/wp-content\/uploads\/2022\/12\/mecb-36x36.png 36w, https:\/\/brand.erasmus.site\/wp-content\/uploads\/2022\/12\/mecb-48x48.png 48w\" sizes=\"(max-width: 300px) 100vw, 300px\" \/><\/p>\n<p>MECB Ltd ist ein in Malta ans\u00e4ssiges Exzellenzberatungsb\u00fcro, das sich der F\u00f6rderung von Exzellenz und Innovation durch die Bereitstellung relevanter, multidisziplin\u00e4rer, qualitativ hochwertiger (a) technischer Beratungsdienste (b) Forschungs- und Ausbildungsdienste sowie (c) EU-Projektpartnerschaften widmet.<\/p>\n<p>Im Laufe der Jahre hat MECB zu einer Reihe von EU-Projekten und Ausschreibungen beigetragen, darunter Erasmus+, EEA, LLP Grundtvig, Leonardo da Vinci, FP6\/7 und H2020.\u00a0 Diese umfassten Sektoren wie:\u00a0 Technologisches Unternehmertum; erweiterte und virtuelle Realit\u00e4t; CAD und 3D-Modellierung; Innovations- und Kreativit\u00e4tsmethoden; nachhaltige Entwicklung, Kreislaufwirtschaft, Klimawandel; Industrie 4.0; lebenslanges Lernen, e-Learning; internationale Zusammenarbeit; Twinning; EU-Datenschutz\/GD-PR.\u00a0 MECB ist Mitglied der EU Digital Skills &amp; Jobs Coalition, der Malta Chamber of Commerce Enterprise &amp; Industry und ist im maltesischen Unternehmensregister als Gesellschaft mit beschr\u00e4nkter Haftung eingetragen.<\/p>\n<p>Web: <a href=\"http:\/\/www.eumecb.com\">http:\/\/www.eumecb.com<\/a><\/p>","protected":false},"excerpt":{"rendered":"<p>S\u00fcdwind &#8211; \u00d6sterreich &#8211; Projektkoordinator S\u00fcdwind ist eine \u00f6sterreichische entwicklungspolitische NGO und setzt sich seit 1979 f\u00fcr eine nachhaltige globale Entwicklung, Menschenrechte und faire Arbeitsbedingungen im globalen S\u00fcden ein. Die Hauptarbeit von S\u00fcdwind besteht aus schulischer und au\u00dferschulischer Bildungsarbeit, Kampagnen und Informationsarbeit. S\u00fcdwind informiert in \u00d6sterreich \u00fcber internationale entwicklungspolitische Themen und hinterfragt kritisch Politiken, die&hellip;&nbsp;<a href=\"https:\/\/brand.erasmus.site\/de\/partnership\/\" rel=\"bookmark\">Weiterlesen &raquo;<span class=\"screen-reader-text\">Projektpartner<\/span><\/a><\/p>\n","protected":false},"author":1,"featured_media":0,"parent":0,"menu_order":0,"comment_status":"closed","ping_status":"closed","template":"","meta":{"neve_meta_sidebar":"","neve_meta_container":"","neve_meta_enable_content_width":"off","neve_meta_content_width":100,"neve_meta_title_alignment":"","neve_meta_author_avatar":"","neve_post_elements_order":"","neve_meta_disable_header":"","neve_meta_disable_footer":"","neve_meta_disable_title":"","footnotes":""},"class_list":["post-115","page","type-page","status-publish","hentry"],"_links":{"self":[{"href":"https:\/\/brand.erasmus.site\/de\/wp-json\/wp\/v2\/pages\/115","targetHints":{"allow":["GET"]}}],"collection":[{"href":"https:\/\/brand.erasmus.site\/de\/wp-json\/wp\/v2\/pages"}],"about":[{"href":"https:\/\/brand.erasmus.site\/de\/wp-json\/wp\/v2\/types\/page"}],"author":[{"embeddable":true,"href":"https:\/\/brand.erasmus.site\/de\/wp-json\/wp\/v2\/users\/1"}],"replies":[{"embeddable":true,"href":"https:\/\/brand.erasmus.site\/de\/wp-json\/wp\/v2\/comments?post=115"}],"version-history":[{"count":10,"href":"https:\/\/brand.erasmus.site\/de\/wp-json\/wp\/v2\/pages\/115\/revisions"}],"predecessor-version":[{"id":474,"href":"https:\/\/brand.erasmus.site\/de\/wp-json\/wp\/v2\/pages\/115\/revisions\/474"}],"wp:attachment":[{"href":"https:\/\/brand.erasmus.site\/de\/wp-json\/wp\/v2\/media?parent=115"}],"curies":[{"name":"wp","href":"https:\/\/api.w.org\/{rel}","templated":true}]}}