{"id":115,"date":"2022-12-30T16:09:23","date_gmt":"2022-12-30T16:09:23","guid":{"rendered":"https:\/\/brand.erasmus.site\/?page_id=115"},"modified":"2024-10-01T18:37:31","modified_gmt":"2024-10-01T18:37:31","slug":"partnership","status":"publish","type":"page","link":"https:\/\/brand.erasmus.site\/dk\/partnership\/","title":{"rendered":"Partnerskab"},"content":{"rendered":"<p><\/p>\n<h2 style=\"text-align: center;\">S\u00fcdwind \u2013 \u00d8strig &#8211;\u00a0Projektkoordinator<\/h2>\n<p><img fetchpriority=\"high\" decoding=\"async\" class=\"size-full wp-image-79 aligncenter\" src=\"https:\/\/brand.erasmus.site\/wp-content\/uploads\/2022\/12\/sudwind.png\" alt=\"\" width=\"300\" height=\"300\" srcset=\"https:\/\/brand.erasmus.site\/wp-content\/uploads\/2022\/12\/sudwind.png 300w, https:\/\/brand.erasmus.site\/wp-content\/uploads\/2022\/12\/sudwind-150x150.png 150w, https:\/\/brand.erasmus.site\/wp-content\/uploads\/2022\/12\/sudwind-24x24.png 24w, https:\/\/brand.erasmus.site\/wp-content\/uploads\/2022\/12\/sudwind-36x36.png 36w, https:\/\/brand.erasmus.site\/wp-content\/uploads\/2022\/12\/sudwind-48x48.png 48w\" sizes=\"(max-width: 300px) 100vw, 300px\" \/><\/p>\n<p>S\u00fcdwind er en \u00f8strigsk udviklingspolitisk NGO og har v\u00e6ret engageret i b\u00e6redygtig global udvikling, menneskerettigheder og retf\u00e6rdige arbejdsforhold i det globale syd siden 1979. S\u00fcdwinds hovedarbejde best\u00e5r af uddannelsesarbejde i og uden for skoler, kampagner og informationsarbejde.<\/p>\n<p>S\u00fcdwind informerer i \u00d8strig om internationale udviklingsrelaterede sp\u00f8rgsm\u00e5l og s\u00e6tter kritiske sp\u00f8rgsm\u00e5lstegn ved politikker, der opretholder eller \u00f8ger uligheden, udst\u00f8der de socialt marginaliserede og bryder grundl\u00e6ggende menneskerettigheder. S\u00fcdwind er forpligtet til at informere offentligheden om emner, der har tendens til at blive fors\u00f8mt eller undertrykt.<\/p>\n<p>S\u00fcdwind s\u00e6tter sp\u00f8rgsm\u00e5lstegn ved politisk praksis, der ikke er i overensstemmelse med FN&#8217;s Sustainable Development Goals (SDG&#8217;er).<\/p>\n<p>S\u00fcdwind udvikler l\u00f8sninger, procedurealternativer og visioner for global retf\u00e6rdighed gennem dialog med partnere fra civilsamfundet og udviklingslande.<\/p>\n<p>Fokusemner er: mere retf\u00e6rdig globalisering, SDGs og Global Citizenship Education, fair handel, fair arbejdsforhold, mere retf\u00e6rdigt \u00f8konomisk system, klimaretf\u00e6rdighed samt migration.<\/p>\n<p>Hjemmeside: <a href=\"https:\/\/www.suedwind.at\" target=\"_blank\" rel=\"noopener\">www.suedwind.at<\/a><\/p>\n<hr \/>\n<h2 style=\"text-align: center;\"><strong>Kainotomia \u2013 Gr\u00e6kenland<\/strong><\/h2>\n<p><img decoding=\"async\" class=\"wp-image-80 size-full aligncenter\" src=\"https:\/\/brand.erasmus.site\/wp-content\/uploads\/2022\/12\/kainotomia.png\" alt=\"\" width=\"300\" height=\"300\" srcset=\"https:\/\/brand.erasmus.site\/wp-content\/uploads\/2022\/12\/kainotomia.png 300w, https:\/\/brand.erasmus.site\/wp-content\/uploads\/2022\/12\/kainotomia-150x150.png 150w, https:\/\/brand.erasmus.site\/wp-content\/uploads\/2022\/12\/kainotomia-24x24.png 24w, https:\/\/brand.erasmus.site\/wp-content\/uploads\/2022\/12\/kainotomia-36x36.png 36w, https:\/\/brand.erasmus.site\/wp-content\/uploads\/2022\/12\/kainotomia-48x48.png 48w\" sizes=\"(max-width: 300px) 100vw, 300px\" \/><\/p>\n<p>KAINOTOMIA er en certificeret, under den gr\u00e6ske lovgivning, erhvervsuddannelsesinstitution, der blev grundlagt i 2013 af en gruppe mennesker med ekspertise og et livslangt engagement i emnet l\u00e6ring. Organisationens moderne faciliteter er designet i overensstemmelse med handicappedes tilg\u00e6ngelighed, mens der er 3 tr\u00e6ningslokaler med en samlet kapacitet p\u00e5 90 praktikanter.<\/p>\n<p>De vigtigste m\u00e5lgrupper er besk\u00e6ftigede\/ledige, iv\u00e6rks\u00e6ttere, undervisere, studerende p\u00e5 videreg\u00e5ende uddannelser og unge, herunder dem, der kommer fra udsatte sociale grupper, for udvikling af faglige og iv\u00e6rks\u00e6tterm\u00e6ssige muligheder og deres integration i arbejdsmarkedet og samfundet generelt. KAINOTOMIA yder karrierevejledning og r\u00e5dgivning med regionale interessentnetv\u00e6rk og efter individuelle behov. KAINOTOMIAs m\u00e5l er st\u00f8tte til praktikanter, der sigter mod at introducere nye l\u00e6rings- og undervisningsmetoder, is\u00e6r dem, der leverer n\u00f8glekompetencer og grundl\u00e6ggende f\u00e6rdigheder, sprogf\u00e6rdigheder og fokuserer p\u00e5 brugen af IKT, men ogs\u00e5 opskalering af kvaliteten af uddannelse i professionalisering af undervisere. Endelig giver KAINOTOMIA praktikanter nye former for fleksible l\u00e6ringsmetoder, virtuel mobilitet, \u00e5bne uddannelsesressourcer og bedre udnyttelse af IKT-potentialet. I 2021 blev KAINOTOMIA valgt som den eneste Youth Eurodesk-multiplikator i Thessaly, Gr\u00e6kenland, hvilket gav organisationen mulighed for at udvide sin europ\u00e6iske indflydelse endnu mere.<\/p>\n<p>Virksomheden besk\u00e6ftiger 10 fastansatte (m\u00e5nedsl\u00f8nnede medarbejdere), samarbejder med 10 eksterne partnere (\u00f8konomiske og tekniske sp\u00f8rgsm\u00e5l, markedsf\u00f8ring) og samarbejder med cirka 15 undervisere om \u00e5ret.<\/p>\n<p>Hjemmeside: <a href=\"https:\/\/kainotomia.com.gr\/\" target=\"_blank\" rel=\"noopener\">https:\/\/kainotomia.com.gr\/<\/a><\/p>\n<hr \/>\n<h2 style=\"text-align: center;\"><strong>Crossing Borders (CB) \u2013 Danmark<\/strong><\/h2>\n<p><img decoding=\"async\" class=\"wp-image-81 size-full aligncenter\" src=\"https:\/\/brand.erasmus.site\/wp-content\/uploads\/2022\/12\/crossingborders.png\" alt=\"\" width=\"300\" height=\"300\" srcset=\"https:\/\/brand.erasmus.site\/wp-content\/uploads\/2022\/12\/crossingborders.png 300w, https:\/\/brand.erasmus.site\/wp-content\/uploads\/2022\/12\/crossingborders-150x150.png 150w, https:\/\/brand.erasmus.site\/wp-content\/uploads\/2022\/12\/crossingborders-24x24.png 24w, https:\/\/brand.erasmus.site\/wp-content\/uploads\/2022\/12\/crossingborders-36x36.png 36w, https:\/\/brand.erasmus.site\/wp-content\/uploads\/2022\/12\/crossingborders-48x48.png 48w\" sizes=\"(max-width: 300px) 100vw, 300px\" \/><\/p>\n<p>Crossing Borders (CB) er en non-profit, civilsamfundsorganisation med en mission om at skabe et dialogrum for mennesker med forskellig baggrund, til gensidigt at l\u00e6re at leve og arbejde sammen p\u00e5 lige vilk\u00e5r. M\u00e5let med vores aktiviteter er at opbygge en forst\u00e5else af ovenst\u00e5ende vision hos unge, mediefolk og undervisere. Siden vi startede i 1999, har CB udviklet, og med succes gennemf\u00f8rt over 80 projekter i Afrika, Mellem\u00f8sten, Kaukasus og Europa. Gennem disse projekter har over 30.000 unge fra mere end 100 lande gennemf\u00f8rt kurser hos Crossing Borders.<\/p>\n<p><strong>CB har fire programmer best\u00e5ende af:<\/strong><\/p>\n<ul>\n<li>Skoletjenester i Danmark, der tilbyder skole-workshops og temadage om aktuelle globale emner &#8211; hvert \u00e5r n\u00e5r vi omkring 4000 studerende i hele Danmark<\/li>\n<li>Food for Thought historiefort\u00e6ller-arrangementer i Danmark, som skaber trygge rum for mennesker, hvor de kan dele deres unikke historier over l\u00e6kker mad<\/li>\n<li>Internationale projekter med fokus p\u00e5 at styrke f\u00e6llesskaber i Afrika, Kaukasus, Mellem\u00f8sten og Europa<\/li>\n<li>Leder af Anna Lindh Netv\u00e6rket i Danmark<\/li>\n<\/ul>\n<p>Hjemmeside: <a href=\"https:\/\/crossingborders.dk\/\" target=\"_blank\" rel=\"noopener\">https:\/\/crossingborders.dk\/<\/a><\/p>\n<hr \/>\n<h2 style=\"text-align: center;\"><strong>Center for Uddannelse og Entrepreneurship Support (CWEP) &#8211; Polen<\/strong><\/h2>\n<p><img loading=\"lazy\" decoding=\"async\" class=\"wp-image-82 size-full aligncenter\" src=\"https:\/\/brand.erasmus.site\/wp-content\/uploads\/2022\/12\/cwep.png\" alt=\"\" width=\"300\" height=\"300\" srcset=\"https:\/\/brand.erasmus.site\/wp-content\/uploads\/2022\/12\/cwep.png 300w, https:\/\/brand.erasmus.site\/wp-content\/uploads\/2022\/12\/cwep-150x150.png 150w, https:\/\/brand.erasmus.site\/wp-content\/uploads\/2022\/12\/cwep-24x24.png 24w, https:\/\/brand.erasmus.site\/wp-content\/uploads\/2022\/12\/cwep-36x36.png 36w, https:\/\/brand.erasmus.site\/wp-content\/uploads\/2022\/12\/cwep-48x48.png 48w\" sizes=\"(max-width: 300px) 100vw, 300px\" \/><\/p>\n<p>Center For Education and Entrepreneurship Support (CWEP) er en ikke-statslig organisation grundlagt i 2004 af en gruppe iv\u00e6rks\u00e6ttere, l\u00e6rere og sociale aktivister fra Rzesz\u00f3w, Polen. CWEP samarbejder med virksomheder og uddannelsesinstitutioner. Missionen for CWEP er at \u00f8ge kvaliteten af uddannelsestr\u00e6ning p\u00e5 alle niveauer og i alle dens former, samt at fremme iv\u00e6rks\u00e6tteri for at fremme integration af enhver social gruppe, uanset deres k\u00f8n, alder eller etniske oprindelse. M\u00e5lene er is\u00e6r at forbedre tilg\u00e6ngeligheden, kvaliteten og effektiviteten af uddannelse for alle mennesker, at fremme og bidrage til voksenuddannelse, livslang l\u00e6ring, e-l\u00e6ring og brugen af nye teknologier i uddannelse og iv\u00e6rks\u00e6tteri. Foreningen arbejder sammen med mange partnere fra Europa for at styrke virksomhedernes \u00f8konomiske position og tilbyder online platforme til virksomheder.<\/p>\n<p>Hjemmeside: <a href=\"https:\/\/cwep.eu\/\">https:\/\/cwep.eu\/<\/a><\/p>\n<hr \/>\n<h2 style=\"text-align: center;\"><strong>Donau \u2013 1245 \u2013 Serbien<\/strong><\/h2>\n<p><img loading=\"lazy\" decoding=\"async\" class=\"wp-image-86 size-full aligncenter\" src=\"https:\/\/brand.erasmus.site\/wp-content\/uploads\/2022\/12\/danuble.png\" alt=\"\" width=\"300\" height=\"300\" srcset=\"https:\/\/brand.erasmus.site\/wp-content\/uploads\/2022\/12\/danuble.png 300w, https:\/\/brand.erasmus.site\/wp-content\/uploads\/2022\/12\/danuble-150x150.png 150w, https:\/\/brand.erasmus.site\/wp-content\/uploads\/2022\/12\/danuble-24x24.png 24w, https:\/\/brand.erasmus.site\/wp-content\/uploads\/2022\/12\/danuble-36x36.png 36w, https:\/\/brand.erasmus.site\/wp-content\/uploads\/2022\/12\/danuble-48x48.png 48w\" sizes=\"(max-width: 300px) 100vw, 300px\" \/><\/p>\n<p>Foreningen &#8220;Donau 1245&#8221; er en non-profit, ikke-statslig civilsamfundsorganisation grundlagt i 2015.<\/p>\n<p>Foreningen er en aktiv lokal akt\u00f8r i at underst\u00f8tte borgerinitiativer relateret til b\u00e6redygtig udvikling af lokalsamfundet og en p\u00e5lidelig partner i formulering og realisering af regionale udviklingsinitiativer. Grundl\u00e6ggende v\u00e6rkt\u00f8jer, der bruges til at udf\u00f8re denne mission, er borgernes deltagelsesv\u00e6rkt\u00f8jer, regionalt samarbejde og projektbaseret tilgang.<\/p>\n<p>Foreningen er en lokal akt\u00f8r, der er involveret i udviklingen af demokrati og deltagende beslutningstagning p\u00e5 lokalt plan og adresserer lokale udfordringer ved at formulere og tale for borgernes aktivisme, der underst\u00f8tter deres aktive rolle i samfundet. Foreningen etablerer partnerskaber og netv\u00e6rk med andre lokale akt\u00f8rer og kommunal forvaltning.<\/p>\n<p>Foreningens aktiviteter er fokuseret p\u00e5:<\/p>\n<ul>\n<li>regionalt samarbejde og f\u00e6lles aktiviteter hen imod regional og lokal b\u00e6redygtig udvikling.<\/li>\n<li>beskyttelse og udnyttelse af lokal natur- og kulturarv, udvikling af viden i lokalsamfundet baseret p\u00e5 ikke-formel uddannelse og tr\u00e6ning af borgere.<\/li>\n<\/ul>\n<p>Donau 1245 har 38 medlemmer, som er aktivt involveret i projektaktiviteter afh\u00e6ngigt af deres kompetencer og kravene til forskellige projekter. Vi inddrager ogs\u00e5 l\u00f8bende gymnasie- og universitetsstuderende i vores forenings arbejde med at skabe muligheder for deres viden- og kompetenceudvikling samt frivillighedspraksis.<\/p>\n<p>Hjemmeside: <a href=\"https:\/\/www.dunav1245.org\/\" target=\"_blank\" rel=\"noopener\">https:\/\/www.dunav1245.org\/<\/a><\/p>\n<hr \/>\n<h2 style=\"text-align: center;\"><strong>MECB Ltd. \u2013 Malta<\/strong><\/h2>\n<p><img loading=\"lazy\" decoding=\"async\" class=\"aligncenter wp-image-87 size-full\" src=\"https:\/\/brand.erasmus.site\/wp-content\/uploads\/2022\/12\/mecb.png\" alt=\"\" width=\"300\" height=\"300\" srcset=\"https:\/\/brand.erasmus.site\/wp-content\/uploads\/2022\/12\/mecb.png 300w, https:\/\/brand.erasmus.site\/wp-content\/uploads\/2022\/12\/mecb-150x150.png 150w, https:\/\/brand.erasmus.site\/wp-content\/uploads\/2022\/12\/mecb-24x24.png 24w, https:\/\/brand.erasmus.site\/wp-content\/uploads\/2022\/12\/mecb-36x36.png 36w, https:\/\/brand.erasmus.site\/wp-content\/uploads\/2022\/12\/mecb-48x48.png 48w\" sizes=\"(max-width: 300px) 100vw, 300px\" \/><\/p>\n<p>MECB Ltd er et Malta-baseret Excellence Consulting Bureau, dedikeret til at fremme ekspertise og innovationsst\u00f8tte gennem levering af relevante, multidisciplin\u00e6re, h\u00f8jkvalitets (a) tekniske konsulenttjenester (b) forsknings- og uddannelsestjenester samt (c) EU-projektpartnering muligheder.<\/p>\n<p>Gennem \u00e5rene har MECB bidraget til en r\u00e6kke EU-projekter og -udbud, herunder Erasmus+, EEA, LLP Grundtvig, Leonardo da Vinci, FP6\/7 &amp; H2020. Disse omfattede sektorer s\u00e5som: Teknologisk iv\u00e6rks\u00e6tteri; Augmented &amp; Virtual Reality; CAD &amp; 3D modellering; innovation &amp; kreative metoder; b\u00e6redygtig udvikling, cirkul\u00e6r \u00f8konomi, klima\u00e6ndringer; Industri 4.0; Livslang l\u00e6ring, e-l\u00e6ring; Internationalt samarbejde; Twinning; EU Databeskyttelse\/GD-PR. MECB er medlem af EU Digital Skills &amp; Jobs Coalition, Malta Chamber of Commerce Enterprise &amp; Industry og opf\u00f8rt i Maltas Business Registry som et privat aktieselskab.<\/p>\n<p>Hjemmeside: <a href=\"http:\/\/www.eumecb.com\" target=\"_blank\" rel=\"noopener\">http:\/\/www.eumecb.com<\/a><\/p>","protected":false},"excerpt":{"rendered":"<p>S\u00fcdwind \u2013 \u00d8strig &#8211;\u00a0Projektkoordinator S\u00fcdwind er en \u00f8strigsk udviklingspolitisk NGO og har v\u00e6ret engageret i b\u00e6redygtig global udvikling, menneskerettigheder og retf\u00e6rdige arbejdsforhold i det globale syd siden 1979. S\u00fcdwinds hovedarbejde best\u00e5r af uddannelsesarbejde i og uden for skoler, kampagner og informationsarbejde. S\u00fcdwind informerer i \u00d8strig om internationale udviklingsrelaterede sp\u00f8rgsm\u00e5l og s\u00e6tter kritiske sp\u00f8rgsm\u00e5lstegn ved politikker,&hellip;&nbsp;<a href=\"https:\/\/brand.erasmus.site\/dk\/partnership\/\" rel=\"bookmark\">Read More &raquo;<span class=\"screen-reader-text\">Partnerskab<\/span><\/a><\/p>\n","protected":false},"author":1,"featured_media":0,"parent":0,"menu_order":0,"comment_status":"closed","ping_status":"closed","template":"","meta":{"neve_meta_sidebar":"","neve_meta_container":"","neve_meta_enable_content_width":"off","neve_meta_content_width":100,"neve_meta_title_alignment":"","neve_meta_author_avatar":"","neve_post_elements_order":"","neve_meta_disable_header":"","neve_meta_disable_footer":"","neve_meta_disable_title":"","footnotes":""},"class_list":["post-115","page","type-page","status-publish","hentry"],"_links":{"self":[{"href":"https:\/\/brand.erasmus.site\/dk\/wp-json\/wp\/v2\/pages\/115","targetHints":{"allow":["GET"]}}],"collection":[{"href":"https:\/\/brand.erasmus.site\/dk\/wp-json\/wp\/v2\/pages"}],"about":[{"href":"https:\/\/brand.erasmus.site\/dk\/wp-json\/wp\/v2\/types\/page"}],"author":[{"embeddable":true,"href":"https:\/\/brand.erasmus.site\/dk\/wp-json\/wp\/v2\/users\/1"}],"replies":[{"embeddable":true,"href":"https:\/\/brand.erasmus.site\/dk\/wp-json\/wp\/v2\/comments?post=115"}],"version-history":[{"count":10,"href":"https:\/\/brand.erasmus.site\/dk\/wp-json\/wp\/v2\/pages\/115\/revisions"}],"predecessor-version":[{"id":474,"href":"https:\/\/brand.erasmus.site\/dk\/wp-json\/wp\/v2\/pages\/115\/revisions\/474"}],"wp:attachment":[{"href":"https:\/\/brand.erasmus.site\/dk\/wp-json\/wp\/v2\/media?parent=115"}],"curies":[{"name":"wp","href":"https:\/\/api.w.org\/{rel}","templated":true}]}}