{"id":115,"date":"2022-12-30T16:09:23","date_gmt":"2022-12-30T16:09:23","guid":{"rendered":"https:\/\/brand.erasmus.site\/?page_id=115"},"modified":"2024-10-01T18:37:31","modified_gmt":"2024-10-01T18:37:31","slug":"partnership","status":"publish","type":"page","link":"https:\/\/brand.erasmus.site\/sr\/partnership\/","title":{"rendered":"Partnerstvo"},"content":{"rendered":"<p><\/p>\n<h2 style=\"text-align: center;\"><strong>S\u00fcdwind<\/strong> \u2013 <strong>Austrija<\/strong> &#8211;\u00a0<strong>Koordinator projekta<\/strong><\/h2>\n<p><img fetchpriority=\"high\" decoding=\"async\" class=\"size-full wp-image-79 aligncenter\" src=\"https:\/\/brand.erasmus.site\/wp-content\/uploads\/2022\/12\/sudwind.png\" alt=\"\" width=\"300\" height=\"300\" srcset=\"https:\/\/brand.erasmus.site\/wp-content\/uploads\/2022\/12\/sudwind.png 300w, https:\/\/brand.erasmus.site\/wp-content\/uploads\/2022\/12\/sudwind-150x150.png 150w, https:\/\/brand.erasmus.site\/wp-content\/uploads\/2022\/12\/sudwind-24x24.png 24w, https:\/\/brand.erasmus.site\/wp-content\/uploads\/2022\/12\/sudwind-36x36.png 36w, https:\/\/brand.erasmus.site\/wp-content\/uploads\/2022\/12\/sudwind-48x48.png 48w\" sizes=\"(max-width: 300px) 100vw, 300px\" \/><\/p>\n<p>S\u00fcdwind je austrijska razvojno-politi\u010dka nevladina organizacija posvec\u0301ena odr\u017eivom globalnom razvoju, ljudskim pravima i pravednim uslovima rada na globalnom jugu od 1979. Glavni posao <strong>S\u00fcdwind <\/strong>-a sastoji se od obrazovnog i informativnog rada u \u0161kolama, ali i van njih kao i u pokretanju kampanja.<\/p>\n<p>S\u00fcdwind se bavi informisanjem o pitanjima vezanim za me\u0111unarodni razvoj i kriti\u010dki preispituje politike koje odr\u017eavaju ili povec\u0301avaju nejednakost, izop\u0161tavaju socijalno nemoc\u0301ne i kr\u0161e osnovna ljudska prava. <strong>S\u00fcdwind <\/strong>je posvec\u0301en informisanju javnosti o pitanjima koja se \u010desto zanemaruju ili potiskuju, dovodi u pitanje politi\u010dke prakse koje nisu u skladu sa ciljevima odr\u017eivog razvoja UN (COR).<\/p>\n<p>Tako\u0111e, razvija re\u0161enja, alternativne procedure i vizije za globalnu pravdu kroz dijalog sa partnerima iz civilnog dru\u0161tva i zemalja u razvoju.<\/p>\n<p>Teme u fokusu su: pravednija globalizacija, COR i obrazovanje o globalnom gra\u0111anstvu, pravedna trgovina, pravedni uslovi rada, pravedniji ekonomski sistem, klimatska pravda kao i migracije.<\/p>\n<p>Web: <a href=\"https:\/\/www.suedwind.at\" target=\"_blank\" rel=\"noopener\">www.suedwind.at<\/a><\/p>\n<hr \/>\n<h2 style=\"text-align: center;\"><strong>Kainotomia \u2013 Gr\u010dka<\/strong><\/h2>\n<p><img decoding=\"async\" class=\"wp-image-80 size-full aligncenter\" src=\"https:\/\/brand.erasmus.site\/wp-content\/uploads\/2022\/12\/kainotomia.png\" alt=\"\" width=\"300\" height=\"300\" srcset=\"https:\/\/brand.erasmus.site\/wp-content\/uploads\/2022\/12\/kainotomia.png 300w, https:\/\/brand.erasmus.site\/wp-content\/uploads\/2022\/12\/kainotomia-150x150.png 150w, https:\/\/brand.erasmus.site\/wp-content\/uploads\/2022\/12\/kainotomia-24x24.png 24w, https:\/\/brand.erasmus.site\/wp-content\/uploads\/2022\/12\/kainotomia-36x36.png 36w, https:\/\/brand.erasmus.site\/wp-content\/uploads\/2022\/12\/kainotomia-48x48.png 48w\" sizes=\"(max-width: 300px) 100vw, 300px\" \/><\/p>\n<p>KAINOTOMIA je, prema gr\u010dkom zakonodavstvu, sertifikovana institucija za stru\u010dno obrazovanje i obuku koju je 2013. godine osnovala grupa gra\u0111ana sa stru\u010dno\u0161c\u0301u i do\u017eivotnom posvec\u0301eno\u0161c\u0301u sferi u\u010denja. Savremeni kapaciteti organizacije projektovani su u skladu sa pristupa\u010dno\u0161c\u0301u za osobe sa invaliditetom, dok postoje 3 sale za obuku ukupnog kapaciteta 90 polaznika.<\/p>\n<p>Glavne ciljne grupe su zaposleni\/nezaposleni, preduzetnici, edukatori i treneri, studenti visokog obrazovanja i mladi, uklju\u010dujuc\u0301i i one koji dolaze iz osetljivih dru\u0161tvenih grupa. Cilj je razvoj njihovih profesionalnih i preduzetni\u010dkih moguc\u0301nosti i njihova integracija u tr\u017ei\u0161te rada i dru\u0161tvo, kao i karijerno vo\u0111enje i savetovanje sa regionalnim mre\u017eama zainteresovanih strana i prema individualnim potrebama. Cilj KAINOTOMIA-e je podr\u0161ka polaznicima u cilju uvo\u0111enja novih pristupa metodologijama u\u010denja i podu\u010davanja, posebno onih koji pru\u017eaju klju\u010dne kompetencije i osnovne ve\u0161tine, jezi\u010dke ve\u0161tine i fokusiraju se na upotrebu IKT-a, ali i podizanje kvaliteta obrazovanja u profesionalizaciji trenera. Pored toga, polaznicima se nude novi oblici fleksibilnih metoda u\u010denja, virtuelna mobilnost, otvoreni obrazovni resursi i bolje iskori\u0161c\u0301avanje IKT potencijala. 2021. godine KAINOTOMIA je izabrana kao jedini multiplikator Eurodesk-a za mlade u Tesaliji, Gr\u010dka, dajuc\u0301i priliku organizaciji da jo\u0161 vi\u0161e pro\u0161iri svoj evropski uticaj.<\/p>\n<p>Kompanija zapo\u0161ljava 10 stalno zaposlenih (zaposleni na mese\u010dnom nivou), radi sa 10 eksternih partnera (finansijska i tehni\u010dka pitanja, marketing) i sara\u0111uje sa oko 15 trenera godi\u0161nje.<\/p>\n<p>Web: <a href=\"https:\/\/kainotomia.com.gr\/\" target=\"_blank\" rel=\"noopener\">https:\/\/kainotomia.com.gr\/<\/a><\/p>\n<hr \/>\n<h2 style=\"text-align: center;\"><strong>\u00a0 Crossing Borders (CB) \u2013 Danska<\/strong><\/h2>\n<p><img decoding=\"async\" class=\"wp-image-81 size-full aligncenter\" src=\"https:\/\/brand.erasmus.site\/wp-content\/uploads\/2022\/12\/crossingborders.png\" alt=\"\" width=\"300\" height=\"300\" srcset=\"https:\/\/brand.erasmus.site\/wp-content\/uploads\/2022\/12\/crossingborders.png 300w, https:\/\/brand.erasmus.site\/wp-content\/uploads\/2022\/12\/crossingborders-150x150.png 150w, https:\/\/brand.erasmus.site\/wp-content\/uploads\/2022\/12\/crossingborders-24x24.png 24w, https:\/\/brand.erasmus.site\/wp-content\/uploads\/2022\/12\/crossingborders-36x36.png 36w, https:\/\/brand.erasmus.site\/wp-content\/uploads\/2022\/12\/crossingborders-48x48.png 48w\" sizes=\"(max-width: 300px) 100vw, 300px\" \/><\/p>\n<p>Crossing Borders (CB) je neprofitna organizacija osnovana 1999. \u010dija je vizija svet u miru sa samim sobom u kome se slavi razli\u010ditost. Misija organizacije je da stvori prostor za dijalog kako bi omoguc\u0301ila ljudima razli\u010ditog porekla da nau\u010de da \u017eive zajedno pod jednakim uslovima. Smatrajuc\u0301i mlade nosiocima promena, obezbe\u0111ujemo platforme za mlade ljude i omladinske radnike da unakrste ideje i formiraju globalna udru\u017eenja, mre\u017ee i zajednice \u0161irom sveta. Omoguc\u0301avamo mladima da podele svoje ideje u okru\u017eenju za u\u010denje gde se svi u\u010desnici podsti\u010du da rastu i u\u010de jedni od drugih.<\/p>\n<p>Fokusirajuc\u0301i se na izgradnju zajednice, osna\u017eivanje i kolektivne akcije za re\u0161avanje globalnih pitanja i doprinos Ciljevima odr\u017eivog razvoja, rad CB-a je podeljen u \u010detiri programa: \u0161kolske radionice, me\u0111unarodni projekti, volonterski program, doga\u0111aji pripovedanja \u201eHrana za misao\u201c. CB sara\u0111uje sa partnerima koji rade na istim ciljevima, uklju\u010dujuc\u0301i op\u0161tine, srednje \u0161kole, univerzitete, me\u0111unarodne organizacije civilnog dru\u0161tva, javne institucije i me\u0111unarodne donatore.<\/p>\n<p>Web: <a href=\"https:\/\/crossingborders.dk\/\" target=\"_blank\" rel=\"noopener\">https:\/\/crossingborders.dk\/<\/a><\/p>\n<hr \/>\n<h2 style=\"text-align: center;\"><strong>Centar za obrazovanje i podr\u0161ku preduzetni\u0161tvu (CWEP) &#8211; Poljska<\/strong><\/h2>\n<p><img loading=\"lazy\" decoding=\"async\" class=\"wp-image-82 size-full aligncenter\" src=\"https:\/\/brand.erasmus.site\/wp-content\/uploads\/2022\/12\/cwep.png\" alt=\"\" width=\"300\" height=\"300\" srcset=\"https:\/\/brand.erasmus.site\/wp-content\/uploads\/2022\/12\/cwep.png 300w, https:\/\/brand.erasmus.site\/wp-content\/uploads\/2022\/12\/cwep-150x150.png 150w, https:\/\/brand.erasmus.site\/wp-content\/uploads\/2022\/12\/cwep-24x24.png 24w, https:\/\/brand.erasmus.site\/wp-content\/uploads\/2022\/12\/cwep-36x36.png 36w, https:\/\/brand.erasmus.site\/wp-content\/uploads\/2022\/12\/cwep-48x48.png 48w\" sizes=\"(max-width: 300px) 100vw, 300px\" \/><\/p>\n<p>Centar za podr\u0161ku obrazovanju i preduzetni\u0161tvu (CWEP) je nevladina organizacija koju je 2004. godine osnovala grupa preduzetnika, nastavnika i dru\u0161tvenih aktivista iz \u017de\u0161ova, Poljska. CWEP sara\u0111uje sa preduzec\u0301ima i obrazovnim institucijama. Misija CWEP-a je da povec\u0301a kvalitet obrazovne obuke na svim nivoima i u svim oblicima, kao i da promovi\u0161e preduzetni\u0161tvo u cilju podsticanja integracije bilo koje dru\u0161tvene grupe, bez obzira na njihov pol, starost ili etni\u010dko poreklo. Konkretno, ciljevi su unapre\u0111enje dostupnosti, kvaliteta i efikasnosti obrazovanja svih ljudi, promovisanje i doprinos obrazovanju odraslih, celo\u017eivotnom u\u010denju, e-u\u010denju i kori\u0161c\u0301enju novih tehnologija u obrazovanju i preduzetni\u0161tvu. Udru\u017eenje radi sa mnogim partnerima iz Evrope u cilju ja\u010danja ekonomske pozicije preduzec\u0301a i izra\u0111uje on-line platforme za kompanije.<\/p>\n<p>Web: <a href=\"https:\/\/cwep.eu\/\">https:\/\/cwep.eu\/<\/a><\/p>\n<hr \/>\n<h2 style=\"text-align: center;\"><strong>Dunav \u2013 1245. \u2013 Srbija<\/strong><\/h2>\n<p><img loading=\"lazy\" decoding=\"async\" class=\"wp-image-86 size-full aligncenter\" src=\"https:\/\/brand.erasmus.site\/wp-content\/uploads\/2022\/12\/danuble.png\" alt=\"\" width=\"300\" height=\"300\" srcset=\"https:\/\/brand.erasmus.site\/wp-content\/uploads\/2022\/12\/danuble.png 300w, https:\/\/brand.erasmus.site\/wp-content\/uploads\/2022\/12\/danuble-150x150.png 150w, https:\/\/brand.erasmus.site\/wp-content\/uploads\/2022\/12\/danuble-24x24.png 24w, https:\/\/brand.erasmus.site\/wp-content\/uploads\/2022\/12\/danuble-36x36.png 36w, https:\/\/brand.erasmus.site\/wp-content\/uploads\/2022\/12\/danuble-48x48.png 48w\" sizes=\"(max-width: 300px) 100vw, 300px\" \/><\/p>\n<p>Udru\u017eenje \u201eDunav 1245\u201c je neprofitna, nevladina organizacija civilnog dru\u0161tva osnovana 2015. godine.<\/p>\n<p>Udru\u017eenje je aktivan lokalni akter u podr\u0161ci gra\u0111anskim inicijativama koje se odnose na odr\u017eivi razvoj lokalne zajednice i pouzdan partner u formulisanju i realizaciji regionalnih razvojnih inicijativa. Osnovni alati koji se koriste u obavljanju ove misije su alati za u\u010de\u0161c\u0301e gra\u0111ana, regionalna saradnja i projektni pristup.<\/p>\n<p>Udru\u017eenje je lokalni akter uklju\u010den u razvoj demokratije i participativnog odlu\u010divanja na lokalnom nivou i bavi se lokalnim izazovima, formulisanjem i zagovaranjem aktivizma gra\u0111ana podr\u017eavajuc\u0301i njihovu aktivnu ulogu u \u017eivotu zajednice. Udru\u017eenje uspostavlja partnerstva i mre\u017ee sa drugim lokalnim akterima i op\u0161tinskom administracijom.<\/p>\n<p>Aktivnosti Udru\u017eenja su usmerene na:<\/p>\n<ul>\n<li>regionalnu saradnju i zajedni\u010dke aktivnosti u pravcu regionalnog i lokalnog odr\u017eivog razvoja;<\/li>\n<li>za\u0161titu i valorizaciju lokalnog prirodnog i kulturnog nasle\u0111a, razvoj znanja u lokalnoj zajednici na osnovu neformalnog obrazovanja i obuke gra\u0111ana.<\/li>\n<\/ul>\n<p>Dunav 1245 ima 38 \u010dlanova koji su aktivno uklju\u010deni u projektne aktivnosti u zavisnosti od svojih kompetencija i zahteva razli\u010ditih projekata. ,,Dunav 1245\u2019\u2019 tako\u0111e kontinuirano uklju\u010duje srednjo\u0161kolce i studente u rad udru\u017eenja stvarajuc\u0301i moguc\u0301nosti za razvoj njihovih znanja i ve\u0161tina, kao i u\u010de\u0161\u0107e u volonterskoj praksi.<\/p>\n<p>Web: <a href=\"https:\/\/www.dunav1245.org\/\" target=\"_blank\" rel=\"noopener\">https:\/\/www.dunav1245.org\/<\/a><\/p>\n<hr \/>\n<h2 style=\"text-align: center;\"><strong>MECB Ltd. \u2013 Malta<\/strong><\/h2>\n<p><img loading=\"lazy\" decoding=\"async\" class=\"aligncenter wp-image-87 size-full\" src=\"https:\/\/brand.erasmus.site\/wp-content\/uploads\/2022\/12\/mecb.png\" alt=\"\" width=\"300\" height=\"300\" srcset=\"https:\/\/brand.erasmus.site\/wp-content\/uploads\/2022\/12\/mecb.png 300w, https:\/\/brand.erasmus.site\/wp-content\/uploads\/2022\/12\/mecb-150x150.png 150w, https:\/\/brand.erasmus.site\/wp-content\/uploads\/2022\/12\/mecb-24x24.png 24w, https:\/\/brand.erasmus.site\/wp-content\/uploads\/2022\/12\/mecb-36x36.png 36w, https:\/\/brand.erasmus.site\/wp-content\/uploads\/2022\/12\/mecb-48x48.png 48w\" sizes=\"(max-width: 300px) 100vw, 300px\" \/><\/p>\n<p>MECB Ltd je konsultantski biro za izvrsnost sa sedi\u0161tem na Malti, posvec\u0301en pru\u017eanju podr\u0161ke izvrsnosti i inovacijama kroz pru\u017eanje relevantnih, multidisciplinarnih, visokokvalitetnih (a) tehni\u010dkih konsultantskih usluga (b) usluga istra\u017eivanja i obuke, kao i (c) partnerstva na projektima EU.<\/p>\n<p>Tokom godina, MECB je doprineo nizu projekata i tendera EU, uklju\u010dujuc\u0301i Erazmus+, EEA, LLP Grundtvig, Leonardo da Vin\u010di, FP6\/7 &amp; H2020. Ovim su obuhvac\u0301eni sektori kao \u0161to su: tehnolo\u0161ko preduzetni\u0161tvo; pro\u0161irena i virtuelna stvarnost; CAD &amp; 3D modeliranje; Inovacije i metode kreativnosti; Odr\u017eivi razvoj, cirkularna ekonomija, klimatske promene; Industrija 4.0; Celo\u017eivotno u\u010denje, e-u\u010denje; Me\u0111unarodna saradnja; Tvinning; Za\u0161tita podataka EU\/GD-PR. MECB je \u010dlan Koalicije EU za digitalne ve\u0161tine i poslove, Malte\u0161ke privredne komore za preduzec\u0301a i industriju i uvr\u0161ten je u poslovni registar Malte kao privatno dru\u0161tvo sa ograni\u010denom odgovorno\u0161c\u0301u.<\/p>\n<p>Web: <a href=\"http:\/\/www.eumecb.com\" target=\"_blank\" rel=\"noopener\">http:\/\/www.eumecb.com<\/a><\/p>","protected":false},"excerpt":{"rendered":"<p>S\u00fcdwind \u2013 Austrija &#8211;\u00a0Koordinator projekta S\u00fcdwind je austrijska razvojno-politi\u010dka nevladina organizacija posvec\u0301ena odr\u017eivom globalnom razvoju, ljudskim pravima i pravednim uslovima rada na globalnom jugu od 1979. Glavni posao S\u00fcdwind -a sastoji se od obrazovnog i informativnog rada u \u0161kolama, ali i van njih kao i u pokretanju kampanja. S\u00fcdwind se bavi informisanjem o pitanjima vezanim&hellip;&nbsp;<a href=\"https:\/\/brand.erasmus.site\/sr\/partnership\/\" rel=\"bookmark\">Read More &raquo;<span class=\"screen-reader-text\">Partnerstvo<\/span><\/a><\/p>\n","protected":false},"author":1,"featured_media":0,"parent":0,"menu_order":0,"comment_status":"closed","ping_status":"closed","template":"","meta":{"neve_meta_sidebar":"","neve_meta_container":"","neve_meta_enable_content_width":"off","neve_meta_content_width":100,"neve_meta_title_alignment":"","neve_meta_author_avatar":"","neve_post_elements_order":"","neve_meta_disable_header":"","neve_meta_disable_footer":"","neve_meta_disable_title":"","footnotes":""},"class_list":["post-115","page","type-page","status-publish","hentry"],"_links":{"self":[{"href":"https:\/\/brand.erasmus.site\/sr\/wp-json\/wp\/v2\/pages\/115","targetHints":{"allow":["GET"]}}],"collection":[{"href":"https:\/\/brand.erasmus.site\/sr\/wp-json\/wp\/v2\/pages"}],"about":[{"href":"https:\/\/brand.erasmus.site\/sr\/wp-json\/wp\/v2\/types\/page"}],"author":[{"embeddable":true,"href":"https:\/\/brand.erasmus.site\/sr\/wp-json\/wp\/v2\/users\/1"}],"replies":[{"embeddable":true,"href":"https:\/\/brand.erasmus.site\/sr\/wp-json\/wp\/v2\/comments?post=115"}],"version-history":[{"count":10,"href":"https:\/\/brand.erasmus.site\/sr\/wp-json\/wp\/v2\/pages\/115\/revisions"}],"predecessor-version":[{"id":474,"href":"https:\/\/brand.erasmus.site\/sr\/wp-json\/wp\/v2\/pages\/115\/revisions\/474"}],"wp:attachment":[{"href":"https:\/\/brand.erasmus.site\/sr\/wp-json\/wp\/v2\/media?parent=115"}],"curies":[{"name":"wp","href":"https:\/\/api.w.org\/{rel}","templated":true}]}}